{"id":310,"date":"2020-11-11T08:22:03","date_gmt":"2020-11-11T08:22:03","guid":{"rendered":"https:\/\/shop.lacrimabaccus.com\/?page_id=310"},"modified":"2023-11-26T18:04:05","modified_gmt":"2023-11-26T18:04:05","slug":"cistella","status":"publish","type":"page","link":"https:\/\/shop.lacrimabaccus.com\/ca\/cistella\/","title":{"rendered":"Cistella"},"content":{"rendered":"\t\t<div data-elementor-type=\"wp-page\" data-elementor-id=\"310\" class=\"elementor elementor-310 elementor-9\" data-elementor-post-type=\"page\">\n\t\t\t\t\t\t<section class=\"elementor-section elementor-top-section elementor-element elementor-element-3f00f44 elementor-section-boxed elementor-section-height-default elementor-section-height-default\" data-id=\"3f00f44\" data-element_type=\"section\">\n\t\t\t\t\t\t<div class=\"elementor-container elementor-column-gap-default\">\n\t\t\t\t\t<div class=\"elementor-column elementor-col-100 elementor-top-column elementor-element elementor-element-24f4b30\" data-id=\"24f4b30\" data-element_type=\"column\">\n\t\t\t<div class=\"elementor-widget-wrap elementor-element-populated\">\n\t\t\t\t\t\t<div class=\"elementor-element elementor-element-af42789 elementor-widget elementor-widget-heading\" data-id=\"af42789\" data-element_type=\"widget\" data-widget_type=\"heading.default\">\n\t\t\t\t<div class=\"elementor-widget-container\">\n\t\t\t\t\t<h2 class=\"elementor-heading-title elementor-size-default\">La teva cistella<\/h2>\t\t\t\t<\/div>\n\t\t\t\t<\/div>\n\t\t\t\t\t<\/div>\n\t\t<\/div>\n\t\t\t\t\t<\/div>\n\t\t<\/section>\n\t\t\t\t<section class=\"elementor-section elementor-top-section elementor-element elementor-element-b957508 elementor-section-boxed elementor-section-height-default elementor-section-height-default\" data-id=\"b957508\" data-element_type=\"section\">\n\t\t\t\t\t\t<div class=\"elementor-container elementor-column-gap-default\">\n\t\t\t\t\t<div class=\"elementor-column elementor-col-100 elementor-top-column elementor-element elementor-element-4a10851\" data-id=\"4a10851\" data-element_type=\"column\">\n\t\t\t<div class=\"elementor-widget-wrap elementor-element-populated\">\n\t\t\t\t\t\t<div class=\"elementor-element elementor-element-3805059 elementor-widget elementor-widget-heading\" data-id=\"3805059\" data-element_type=\"widget\" data-widget_type=\"heading.default\">\n\t\t\t\t<div class=\"elementor-widget-container\">\n\t\t\t\t\t<h2 class=\"elementor-heading-title elementor-size-default\">Informaci\u00f3 b\u00e0sica de protecci\u00f3 de dades<\/h2>\t\t\t\t<\/div>\n\t\t\t\t<\/div>\n\t\t\t\t<div class=\"elementor-element elementor-element-73fd900 elementor-widget elementor-widget-text-editor\" data-id=\"73fd900\" data-element_type=\"widget\" data-widget_type=\"text-editor.default\">\n\t\t\t\t<div class=\"elementor-widget-container\">\n\t\t\t\t\t\t\t\t\t<p class=\"p1\">En cumplimiento del deber de informar a los interesados de las circunstancias y condiciones del tratamiento de sus datos y de los derechos que le asisten, ponemos a su disposici\u00f3n la siguiente informaci\u00f3n.<\/p>\t\t\t\t\t\t\t\t<\/div>\n\t\t\t\t<\/div>\n\t\t\t\t<div class=\"elementor-element elementor-element-d74e1f3 elementor-widget elementor-widget-text-editor\" data-id=\"d74e1f3\" data-element_type=\"widget\" data-widget_type=\"text-editor.default\">\n\t\t\t\t<div class=\"elementor-widget-container\">\n\t\t\t\t\t\t\t\t\t<table cellspacing=\"0\" cellpadding=\"0\"><tbody><tr><td valign=\"top\"><p>RESPONSABLE DEL TRATAMIENTO<\/p><\/td><td valign=\"top\"><p>Responsable: BARDINET WINES, S.A.U. &#8211; CIF: A08974479 Dir. Postal: Finca Manlleu, s\/n. 08732 Castellv\u00ed de la Marca (Barcelona)<\/p><\/td><\/tr><tr><td valign=\"top\"><p>FINALIDAD<\/p><\/td><td valign=\"top\"><p>Gestionar el env\u00edo y pago del producto adquirido.<\/p><\/td><\/tr><tr><td valign=\"top\"><p>LEGITIMACI\u00d3N<\/p><\/td><td valign=\"top\"><p>Ejecuci\u00f3n del contrato suscrito entre las partes<\/p><\/td><\/tr><tr><td valign=\"top\"><p>DESTINATARIOS<\/p><\/td><td valign=\"top\"><p>Los datos no se ceder\u00e1n a terceros salvo en los casos en los que exista una obligaci\u00f3n legal o comunicaci\u00f3n necesaria para poder gestionar correctamente el env\u00edo de su compra.<\/p><\/td><\/tr><tr><td valign=\"top\"><p>DERECHOS<\/p><\/td><td valign=\"top\"><p>Puede ejercer sus Derechos a acceder, rectificar, oponerse, limitar, portar y suprimir los datos ante el responsable del tratamiento; adem\u00e1s de acudir a la autoridad de control competente (AEPD).<\/p><\/td><\/tr><tr><td valign=\"top\"><p>INFORMACI\u00d3N ADICIONAL<\/p><\/td><td valign=\"top\"><p>Puede consultar la informaci\u00f3n adicional sobre el tratamiento de sus datos personales <a href=\"https:\/\/shop.lacrimabaccus.com\/politica-privacidad\/\">aqu\u00ed<\/a>.<\/p><\/td><\/tr><\/tbody><\/table>\t\t\t\t\t\t\t\t<\/div>\n\t\t\t\t<\/div>\n\t\t\t\t\t<\/div>\n\t\t<\/div>\n\t\t\t\t\t<\/div>\n\t\t<\/section>\n\t\t\t\t<\/div>\n\t\t","protected":false},"excerpt":{"rendered":"<p>La teva cistella Informaci\u00f3 b\u00e0sica de protecci\u00f3 de dades En cumplimiento del deber de informar a los interesados de las circunstancias y condiciones del tratamiento de sus datos y de los derechos que le asisten, ponemos a su disposici\u00f3n la siguiente informaci\u00f3n. RESPONSABLE DEL TRATAMIENTO Responsable: BARDINET WINES, S.A.U. &#8211; CIF: A08974479 Dir. Postal: Finca &#8230; <a title=\"Cistella\" class=\"read-more\" href=\"https:\/\/shop.lacrimabaccus.com\/ca\/cistella\/\" aria-label=\"M\u00e9s informaci\u00f3 sobre Cistella\">Read more<\/a><\/p>\n","protected":false},"author":1,"featured_media":0,"parent":0,"menu_order":0,"comment_status":"closed","ping_status":"closed","template":"","meta":{"_acf_changed":false,"footnotes":""},"class_list":["post-310","page","type-page","status-publish"],"acf":[],"_links":{"self":[{"href":"https:\/\/shop.lacrimabaccus.com\/ca\/wp-json\/wp\/v2\/pages\/310","targetHints":{"allow":["GET"]}}],"collection":[{"href":"https:\/\/shop.lacrimabaccus.com\/ca\/wp-json\/wp\/v2\/pages"}],"about":[{"href":"https:\/\/shop.lacrimabaccus.com\/ca\/wp-json\/wp\/v2\/types\/page"}],"author":[{"embeddable":true,"href":"https:\/\/shop.lacrimabaccus.com\/ca\/wp-json\/wp\/v2\/users\/1"}],"replies":[{"embeddable":true,"href":"https:\/\/shop.lacrimabaccus.com\/ca\/wp-json\/wp\/v2\/comments?post=310"}],"version-history":[{"count":7,"href":"https:\/\/shop.lacrimabaccus.com\/ca\/wp-json\/wp\/v2\/pages\/310\/revisions"}],"predecessor-version":[{"id":570,"href":"https:\/\/shop.lacrimabaccus.com\/ca\/wp-json\/wp\/v2\/pages\/310\/revisions\/570"}],"wp:attachment":[{"href":"https:\/\/shop.lacrimabaccus.com\/ca\/wp-json\/wp\/v2\/media?parent=310"}],"curies":[{"name":"wp","href":"https:\/\/api.w.org\/{rel}","templated":true}]}}