{"id":453,"date":"2020-09-01T08:03:58","date_gmt":"2020-09-01T08:03:58","guid":{"rendered":"https:\/\/shop.lacrimabaccus.com\/aviso-legal\/"},"modified":"2023-11-15T17:57:10","modified_gmt":"2023-11-15T17:57:10","slug":"avis-legal","status":"publish","type":"page","link":"https:\/\/shop.lacrimabaccus.com\/ca\/avis-legal\/","title":{"rendered":"Av\u00eds Legal"},"content":{"rendered":"\n<p><em>En compliment de la Llei 34\/2002, d&#8217;11 de juliol, de Serveis de la Societat de la Informaci\u00f3 i de Comer\u00e7 Electr\u00f2nic (LSSI-CE), l&#8217;empresa li informa que \u00e9s titular del lloc web. D&#8217;acord amb l&#8217;exig\u00e8ncia de l&#8217;article 10 de la citada Llei, informa de les seg\u00fcents dades:<\/em><\/p>\n\n\n\n<p><em>El titular d&#8217;aquest lloc web \u00e9s:<\/em><\/p>\n\n\n\n<figure class=\"wp-block-table\"><table><tbody><tr><td>Nom de l&#8217;empresa<\/td><td>Bardinet Wines S.A.U.<\/td><\/tr><tr><td>NIF<\/td><td>A08974479<\/td><\/tr><tr><td>Adre\u00e7a postal<\/td><td>Finca Manlleu, s\/n .08732 .Castellv\u00ed de la Marca (Barcelona)<\/td><\/tr><tr><td>Nombre d&#8217;inscripci\u00f3<\/td><td>N\u00famero de inscripci\u00f3n<\/td><\/tr><\/tbody><\/table><\/figure>\n\n\n\n<p><em><u><strong>USUARIS<\/strong><\/u><\/em><\/p>\n\n\n\n<p><em>L&#8217;acc\u00e9s i\/o \u00fas d&#8217;aquest portal li atribueix la condici\u00f3 d&#8217;USUARI, que accepta, des d&#8217;aquest acc\u00e9s i\/o \u00fas, les Condicions Generals d&#8217;\u00das aqu\u00ed reflectides. Les citades Condicions seran aplicable independentment de les Condicions Generals de Contractaci\u00f3 que si escau resultin d&#8217;obligat compliment.<\/em><\/p>\n\n\n\n<p><em><u><strong>\u00daS DEL PORTAL<\/strong><\/u><\/em><\/p>\n\n\n\n<p><em>La p\u00e0gina web proporciona l&#8217;acc\u00e9s a multitud d&#8217;informacions, serveis, programes o dades (d&#8217;ara endavant, \u201cels continguts\u201d) en Internet pertanyents a Bardinet Wines, S.A.U. o als seus llicenciadors als quals l&#8217;USUARI pugui tenir acc\u00e9s. L&#8217;USUARI assumeix la responsabilitat de l&#8217;\u00fas del portal. Aquesta responsabilitat s&#8217;est\u00e9n al registre que an\u00e9s necessari per accedir a determinats serveis o continguts.<\/em><\/p>\n\n\n\n<p><em>En aquest registre l&#8217;USUARI ser\u00e0 responsable d&#8217;aportar informaci\u00f3 vera\u00e7 i l\u00edcita. Com a conseq\u00fc\u00e8ncia d&#8217;aquest registre, a l&#8217;USUARI se li pot proporcionar una contrasenya de la qual ser\u00e0 responsable, comprometent-se a fer un \u00fas diligent i confidencial de la mateixa. L&#8217;USUARI es compromet a fer un \u00fas adequat dels continguts i serveis que <em>Bardinet Wines, S.A.U.<\/em> ofereix a trav\u00e9s del seu portal i amb car\u00e0cter enunciatiu per\u00f2 no limitatiu, a no emprar-los para:<\/em><\/p>\n\n\n\n<ol class=\"wp-block-list\" type=\"i\">\n<li><em>inc\u00f3rrer en activitats il\u00b7l\u00edcites, il\u00b7legals o contr\u00e0ries a la bona fe i a l&#8217;ordre p\u00fablic<\/em><\/li>\n\n\n\n<li><em>difondre continguts o propaganda de car\u00e0cter racista, xen\u00f2fob, pornogr\u00e0fic-il\u00b7legal, d&#8217;apologia del terrorisme o atemptatori contra els drets humans<\/em><\/li>\n\n\n\n<li><em>provocar danys en els sistemes f\u00edsics i l\u00f2gics de <em>Bardinet Wines, S.A.U.<\/em> dels seus prove\u00efdors o de terceres persones, introduir o difondre a la xarxa virus inform\u00e0tics o qualssevol altres sistemes f\u00edsics o l\u00f2gics que siguin susceptibles de provocar els danys anteriorment esmentats;<\/em><\/li>\n\n\n\n<li><em>intentar accedir i, si escau, utilitzar els comptes de correu electr\u00f2nic d&#8217;altres usuaris i modificar manipular els seus missatges. <em>Bardinet Wines, S.A.U.<\/em> es reserva el dret de retirar tots aquells comentaris i aportacions que vulnerin el respecte a la dignitat de la persona, que siguin discriminatoris, xen\u00f2fobs, racistes, pornogr\u00e0fics, que atemptin contra la joventut o la inf\u00e0ncia, l&#8217;ordre o la seguretat p\u00fablica o que, al seu judici, no resultessin adequats per a la seva publicaci\u00f3. En qualsevol cas, Bardinet Wines, S.A.U. o ser\u00e0 responsable de les opinions abocades pels usuaris a trav\u00e9s dels f\u00f2rums, xats, o altres eines de participaci\u00f3.<\/em><\/li>\n<\/ol>\n\n\n\n<p><em><u><strong>PROPIETAT INTEL\u00b7LECTUAL I INDUSTRIAL<\/strong><\/u><\/em><\/p>\n\n\n\n<p><em>Mont <em>Bardinet Wines, S.A.U.<\/em> ser\u00e0 titular de tots els drets de propietat intel\u00b7lectual i industrial de la seva p\u00e0gina web, aix\u00ed com dels elements continguts en la mateixa (a t\u00edtol enunciatiu, imatges, so, \u00e0udio, v\u00eddeo, programari o textos; marques o logotips, combinacions de colors, estructura i disseny, selecci\u00f3 de materials usats, programes d&#8217;ordinador necessaris per al seu funcionament, acc\u00e9s i \u00fas, etc.).<\/em><\/p>\n\n\n\n<p><em>Tots els drets reservats. En virtut del que es disposa en els articles 8 i 32.1, par\u00e0graf segon, de la Llei de Propietat Intel\u00b7lectual, queden expressament prohibides la reproducci\u00f3, la distribuci\u00f3 i la comunicaci\u00f3 p\u00fablica, inclosa la seva modalitat de posada a disposici\u00f3, de la totalitat o part dels continguts d&#8217;aquesta p\u00e0gina web, amb finalitats comercials, en qualsevol suport i per qualsevol mitj\u00e0 t\u00e8cnic, sense l&#8217;autoritzaci\u00f3 de <em>Bardinet Wines, S.A.U.<\/em> L&#8217;USUARI es compromet a respectar els drets de Propietat Intel\u00b7lectual i Industrial titularitat de <em>Bardinet Wines, S.A.U.<\/em> Podr\u00e0 visualitzar els elements del portal i fins i tot imprimir-los, copiar-los i emmagatzemar-los en el disc dur del seu ordinador o en qualsevol altre suport f\u00edsic sempre que sigui, \u00fanica i exclusivament, per al seu \u00fas personal i privat. L&#8217;USUARI haur\u00e0 d&#8217;abstenir-se de suprimir, alterar, eludir o manipular qualsevol dispositiu de protecci\u00f3 o sistema de seguretat que estigu\u00e9s instal\u00b7lat en el les p\u00e0gines de <em>Bardinet Wines, S.A.U.<\/em><\/em><\/p>\n\n\n\n<p><em><u><strong>EXCLUSI\u00d3 DE GARANTIES I RESPONSABILITAT<\/strong><\/u><\/em><\/p>\n\n\n\n<p><em><em>Bardinet Wines, S.A.U.<\/em> no es fa responsable, en cap cas, dels danys i perjudicis de qualsevol naturalesa que poguessin ocasionar, a t\u00edtol enunciatiu: errors o omissions en els continguts, falta de disponibilitat del portal o la transmissi\u00f3 de virus o programes maliciosos o lesius en els continguts, malgrat haver adoptat totes les mesures tecnol\u00f2giques necess\u00e0ries per evitar-ho.<\/em><\/p>\n\n\n\n<p><em><u><strong>MODIFICACIONS<\/strong><\/u><\/em><\/p>\n\n\n\n<p><em><em>Bardinet Wines, S.A.U.<\/em> es reserva el dret d&#8217;efectuar sense previ av\u00eds les modificacions que consideri oportunes al seu portal, podent canviar, suprimir o afegir tant els continguts i serveis que es prestin a trav\u00e9s de la mateixa com la forma en la qual aquests apareguin presentats o localitzats al seu portal.<\/em><\/p>\n\n\n\n<p><em><u><strong>ENLLA\u00c7OS<\/strong><\/u><\/em><\/p>\n\n\n\n<p><em>En el cas que a la p\u00e0gina web es disposessin enlla\u00e7os o hiperv\u00ednculos feia altres llocs d&#8217;Internet, <em>Bardinet Wines, S.A.U.<\/em> no exercir\u00e0 cap tipus de control sobre aquests llocs i continguts. En cap cas <em>Bardinet Wines, S.A.U.<\/em> assumir\u00e0 responsabilitat alguna pels continguts d&#8217;algun enlla\u00e7 pertanyent a un lloc web ali\u00e8, ni garantir\u00e0 la disponibilitat t\u00e8cnica, qualitat, fiabilitat, exactitud, amplitud, veracitat, validesa i constitucionalitat de qualsevol material o informaci\u00f3 continguda en cap d&#8217;aquests hiperv\u00ednculos o altres llocs d&#8217;Internet.<\/em><\/p>\n\n\n\n<p><em>Igualment, la inclusi\u00f3 d&#8217;aquestes connexions externes no implicar\u00e0 cap tipus d&#8217;associaci\u00f3, fusi\u00f3 o participaci\u00f3 amb les entitats connectades.<\/em><\/p>\n\n\n\n<p><em><u><strong>DRET D&#8217;EXCLUSI\u00d3<\/strong><\/u><\/em><\/p>\n\n\n\n<p><em><em>Bardinet Wines, S.A.U.<\/em> es reserva el dret a denegar o retirar l&#8217;acc\u00e9s a portal i\/o els serveis oferts sense necessitat de preav\u00eds, a inst\u00e0ncia pr\u00f2pia o d&#8217;un tercer, a aquells usuaris que incompleixin les presents Condicionis Generals d&#8217;\u00das.<\/em><\/p>\n\n\n\n<p><em><u><strong>GENERALITATS<\/strong><\/u><\/em><\/p>\n\n\n\n<p><em><em>Bardinet Wines, S.A.U.<\/em> perseguir\u00e0 l&#8217;incompliment de les presents condicions, aix\u00ed com qualsevol utilitzaci\u00f3 indeguda del seu portal exercint totes les accions civils i penals que li puguin correspondre en dret.<\/em><\/p>\n\n\n\n<p><em><u><strong>MODIFICACI\u00d3 DE LES PRESENTS CONDICIONS I DURADA<\/strong><\/u><\/em><\/p>\n\n\n\n<p><em><em>Bardinet Wines, S.A.U.<\/em> podr\u00e0 modificar a qualsevol moment les condicions aqu\u00ed determinades, sent degudament publicades com aqu\u00ed apareixen.<\/em><\/p>\n\n\n\n<p><em>La vig\u00e8ncia de les citades condicions anir\u00e0 en funci\u00f3 de la seva exposici\u00f3 i estaran vigents fins que siguin modificades per unes altres degudament publicades.<\/em><\/p>\n\n\n\n<p><em><u><strong>LEGISLACI\u00d3 APLICABLE I JURISDICCI\u00d3<\/strong><\/u><\/em><\/p>\n\n\n\n<p><em>La relaci\u00f3 entre <em>Bardinet Wines, S.A.U.<\/em> i l&#8217;USUARI es regir\u00e0 per la normativa espanyola vigent i qualsevol controv\u00e8rsia se sotmetr\u00e0 als Jutjats i tribunals de la ciutat anteriorment indicada.<\/em><\/p>\n","protected":false},"excerpt":{"rendered":"<p>En compliment de la Llei 34\/2002, d&#8217;11 de juliol, de Serveis de la Societat de la Informaci\u00f3 i de Comer\u00e7 Electr\u00f2nic (LSSI-CE), l&#8217;empresa li informa que \u00e9s titular del lloc web. D&#8217;acord amb l&#8217;exig\u00e8ncia de l&#8217;article 10 de la citada Llei, informa de les seg\u00fcents dades: El titular d&#8217;aquest lloc web \u00e9s: Nom de l&#8217;empresa &#8230; <a title=\"Av\u00eds Legal\" class=\"read-more\" href=\"https:\/\/shop.lacrimabaccus.com\/ca\/avis-legal\/\" aria-label=\"M\u00e9s informaci\u00f3 sobre Av\u00eds Legal\">Read more<\/a><\/p>\n","protected":false},"author":1,"featured_media":0,"parent":0,"menu_order":0,"comment_status":"closed","ping_status":"closed","template":"","meta":{"_acf_changed":false,"footnotes":""},"class_list":["post-453","page","type-page","status-publish"],"acf":[],"_links":{"self":[{"href":"https:\/\/shop.lacrimabaccus.com\/ca\/wp-json\/wp\/v2\/pages\/453","targetHints":{"allow":["GET"]}}],"collection":[{"href":"https:\/\/shop.lacrimabaccus.com\/ca\/wp-json\/wp\/v2\/pages"}],"about":[{"href":"https:\/\/shop.lacrimabaccus.com\/ca\/wp-json\/wp\/v2\/types\/page"}],"author":[{"embeddable":true,"href":"https:\/\/shop.lacrimabaccus.com\/ca\/wp-json\/wp\/v2\/users\/1"}],"replies":[{"embeddable":true,"href":"https:\/\/shop.lacrimabaccus.com\/ca\/wp-json\/wp\/v2\/comments?post=453"}],"version-history":[{"count":2,"href":"https:\/\/shop.lacrimabaccus.com\/ca\/wp-json\/wp\/v2\/pages\/453\/revisions"}],"predecessor-version":[{"id":530,"href":"https:\/\/shop.lacrimabaccus.com\/ca\/wp-json\/wp\/v2\/pages\/453\/revisions\/530"}],"wp:attachment":[{"href":"https:\/\/shop.lacrimabaccus.com\/ca\/wp-json\/wp\/v2\/media?parent=453"}],"curies":[{"name":"wp","href":"https:\/\/api.w.org\/{rel}","templated":true}]}}