{"id":543,"date":"2023-11-16T11:54:16","date_gmt":"2023-11-16T11:54:16","guid":{"rendered":"https:\/\/shop.lacrimabaccus.com\/?page_id=543"},"modified":"2023-11-16T12:08:48","modified_gmt":"2023-11-16T12:08:48","slug":"condicions-de-compra","status":"publish","type":"page","link":"https:\/\/shop.lacrimabaccus.com\/ca\/condicions-de-compra\/","title":{"rendered":"Condicions de compra"},"content":{"rendered":"\n<p>Us convidam a revisar les condicions generals de compra que regulen l&#8217;oferta i la compra de productes Bardinet Wines, S.A.U. a trav\u00e9s de la botiga online inclosa en aquest lloc web.<\/p>\n\n\n\n<p>En utilitzar aquest lloc web vost\u00e8 queda vinculat a aquestes condicions per la qual cosa us recomanem que us les llegiu detingudament. Si no est\u00e0 dacord amb elles haur\u00e0 dabandonar el lloc web.<\/p>\n\n\n\n<h2 class=\"wp-block-heading\">Disposicions preliminars<\/h2>\n\n\n\n<p>Les presents condicions de compra s\u00f3n aplicables per a tots els productes de la marca Bardinet Wines, S.A.U. que hagin estat realitzades a trav\u00e9s del lloc web http:\/\/www.lacrimabaccus.com\/ (d&#8217;ara endavant &#8220;lloc web&#8221;).<\/p>\n\n\n\n<p>En realitzar una comanda, vost\u00e8 ens garanteix que \u00e9s m\u00e9s gran de 18 anys i que t\u00e9 capacitat legal per cursar contractes vinculants.<\/p>\n\n\n\n<p>Les comandes nom\u00e9s es poden fer per adquirir mercaderies sense \u00e0nim de revenda. Est\u00e0 terminantment prohibida qualsevol revenda o distribuci\u00f3 dels productes adquirits a trav\u00e9s del lloc web.<\/p>\n\n\n\n<p>Ens reservem el dret de poder anul\u00b7lar comandes fraudulentes, falses o especulatives aix\u00ed com aquelles comandes que hagin estat sol\u00b7licitades per algun client amb qu\u00e8 pugui existir alguna difer\u00e8ncia\/controv\u00e8rsia en comandes anteriors, o quan hi hagi dubtes raonables que ens puguin fer pensar que el client est\u00e0 violant alguna de les condicions de compra especificades o estigui participant a alguna activitat delictiva.<\/p>\n\n\n\n<p>Podrem actualitzar aquestes condicions de compra aix\u00ed com l&#8217;av\u00eds legal en qualsevol moment. Vost\u00e8 sempre podr\u00e0 consultar i imprimir la versi\u00f3 actualitzada de tots dos textos prement els vincles &#8220;Condicions de Compra&#8221; i &#8220;Avisos Legals&#8221;<\/p>\n\n\n\n<h2 class=\"wp-block-heading\">Obligacions de l&#8217;usuari<\/h2>\n\n\n\n<p>Com a usuari est\u00e0 obligat a comunicar a Bardinet Wines, S.A.U. totes les dades necess\u00e0ries per a l&#8217;acc\u00e9s i la utilitzaci\u00f3 dels serveis d&#8217;aquest lloc web. Aquests hauran de ser vera\u00e7os i actuals i consenteix que en podrem fer \u00fas per posar-nos en contacte amb vost\u00e8 si cal.<\/p>\n\n\n\n<p>\u00c9s indispensable que faciliti tota la informaci\u00f3 que cataloguem com a obligat\u00f2ria, ja que, si no ho fa, no podrem cursar la seva comanda. No serem responsables en cap cas de possibles retards o errors en el lliurament com a conseq\u00fc\u00e8ncia de l&#8217;error o omissi\u00f3 d&#8217;aquestes dades.<\/p>\n\n\n\n<p>L&#8217;usuari haur\u00e0 de fer un \u00fas adequat dels serveis inclosos al lloc web, sempre de conformitat amb l&#8217;ordenament jur\u00eddic i no dur\u00e0 a terme cap activitat que dificulti o interfereixi en el seu funcionament.<\/p>\n\n\n\n<h2 class=\"wp-block-heading\">Mesures de seguretat<\/h2>\n\n\n\n<p>Establirem tots els mecanismes raonables al nostre abast per garantir que les vostres dades personals es conserven amb seguretat en tot moment. No obstant aix\u00f2, vost\u00e8 accepta que cap transmissi\u00f3 de dades a trav\u00e9s d&#8217;Internet es pot garantir com a segura davant d&#8217;accessos per receptors no autoritzats i no ens podr\u00e0 fer responsables per qualsevol error de seguretat llevat que sigui degut a la nostra neglig\u00e8ncia.<\/p>\n\n\n\n<p>Aix\u00ed mateix vost\u00e8 haur\u00e0 d&#8217;adoptar les mesures de seguretat necess\u00e0ries, tant personals com materials, per mantenir la confidencialitat del seu nom d&#8217;usuari i contrasenya i notificar-nos immediatament la p\u00e8rdua, p\u00e8rdua, sostracci\u00f3, robatori o acc\u00e9s il\u00b7leg\u00edtim del seu nom d&#8217;usuari i contrasenya, aix\u00ed com coneixement per terceres persones.<\/p>\n\n\n\n<h2 class=\"wp-block-heading\">Condicions aplicables a les comandes<\/h2>\n\n\n\n<p>Tots els productes que s&#8217;oferten en aquest lloc web s\u00f3n venuts directament per Bardinet Wines, S.A.U. amb CIF A08974479 i domicili a Finca Manlleu, s\/n. 08732. Castellv\u00ed de la Marca (Barcelona).<\/p>\n\n\n\n<h2 class=\"wp-block-heading\">Procediment de compra<\/h2>\n\n\n\n<p>Podreu navegar al lloc web fins trobar els serveis desitjats. Un cop localitzat, prement sobre el mateix accedir\u00e0 a tota la informaci\u00f3 de detall que li ofereix el lloc web. Des d&#8217;aqu\u00ed podreu afegir el producte a la vostra compra.<\/p>\n\n\n\n<p>Si esteu realitzant una comanda per primera vegada amb nosaltres, se us demanar\u00e0 que us registreu introduint la vostra adre\u00e7a de correu electr\u00f2nic i una contrasenya amb la qual podreu crear i accedir al vostre compte.<\/p>\n\n\n\n<p>En cas que es tracti d&#8217;un usuari registrat i amb un compte actiu, haureu d&#8217;introduir el vostre email i contrasenya i el sistema reconeixer\u00e0 les vostres dades.<\/p>\n\n\n\n<p>Un cop estigui al vostre compte podreu continuar la vostra compra i finalment confirmar la comanda.<\/p>\n\n\n\n<h2 class=\"wp-block-heading\">Cobertura de l&#8217;oferta<\/h2>\n\n\n\n<p>Les zones geogr\u00e0fiques de lliurament s\u00f3n en cada moment les que estan actives a la nostra web, com a elecci\u00f3 de tipus d&#8217;enviament: Espanya, i en acceptar la comanda, confirma ser un client resident en alguna d&#8217;aquestes zones. Qualsevol altra adre\u00e7a de lliurament suposar\u00e0 l&#8217;anul\u00b7laci\u00f3 autom\u00e0tica de la comanda.<\/p>\n\n\n\n<h2 class=\"wp-block-heading\">Disponibilitat<\/h2>\n\n\n\n<p>Totes les comandes estan subjectes a disponibilitat. No ens fem responsables de la manca dexist\u00e8ncia o de la indisponibilitat dels productes.<\/p>\n\n\n\n<p>Consulteu la selecci\u00f3 d&#8217;articles disponibles per a la venda a trav\u00e9s del lloc web, ja que no tots els articles que puguem oferir al nostre lloc web o altre tipus de presentacions estan disponibles per a aquest tipus de venda.<\/p>\n\n\n\n<p>Si un producte no estigu\u00e9s disponible una vegada realitzada la comanda, se l&#8217;informaria com m\u00e9s aviat millor per correu electr\u00f2nic o per tel\u00e8fon i aquesta quedaria anul\u00b7lada.<\/p>\n\n\n\n<p>Davant de qualsevol dubte, us recomanem que us poseu en contacte amb el servei d&#8217;atenci\u00f3 al client.<\/p>\n\n\n\n<h2 class=\"wp-block-heading\">Contracte amb Bardinet Wines, S.A.U. i acceptaci\u00f3 de comandes<\/h2>\n\n\n\n<p>La comanda no ser\u00e0 acceptada per nosaltres fins que l&#8217;import hagi estat carregat al vostre compte. Despr\u00e9s de confirmar la compra, rebreu un e-mail com a justificant de recepci\u00f3, per\u00f2 aix\u00f2 no implicar\u00e0 que la comanda hagi estat acceptada, ja que estaran subjectes a la nostra posterior comprovaci\u00f3 i acceptaci\u00f3.<\/p>\n\n\n\n<p>Us confirmarem l&#8217;acceptaci\u00f3 de la comanda en un e-mail en qu\u00e8 us informarem que la comanda est\u00e0 sent enviada. Nom\u00e9s en aquell moment quedar\u00e0 formalitzat el contracte entre vost\u00e8 i nosaltres, i nom\u00e9s per als productes relacionats en aquesta confirmaci\u00f3 d&#8217;enviament.<\/p>\n\n\n\n<h2 class=\"wp-block-heading\">Confirmaci\u00f3 i anul\u00b7laci\u00f3 de comandes<\/h2>\n\n\n\n<p>Amb anterioritat a la finalitzaci\u00f3 de la comanda per la seva banda al lloc web, vost\u00e8 podr\u00e0 revisar tots els detalls associats a la mateixa (imports desglossats en tots els ep\u00edgrafs necessaris &#8211; impostos, costos de transport, selecci\u00f3 d&#8217;articles, etc.), podent corregir-ho quan consideri necessari.<\/p>\n\n\n\n<p>Amb posterioritat a la confirmaci\u00f3 no ser\u00e0 possible modificar ni anul\u00b7lar la comanda a trav\u00e9s del lloc web, cal que us poseu en contacte. En aquest cas, la comanda nom\u00e9s podr\u00e0 ser modificada o anul\u00b7lada si l&#8217;article no ha entrat en fase d&#8217;expedici\u00f3 des dels nostres magatzems.<\/p>\n\n\n\n<h2 class=\"wp-block-heading\">Moneda, impostos i preu<\/h2>\n\n\n\n<p>D&#8217;acord amb la legislaci\u00f3 vigent, tota la compra des del nostre lloc web estar\u00e0 subjecta a l&#8217;impost sobre el valor afegit (IVA), a excepci\u00f3 de Can\u00e0ries, Ceuta i Melilla. El tipus aplicable ser\u00e0 el legalment vigent a cada moment.<\/p>\n\n\n\n<p>Tots els preus es mostren en euros (\u20ac) i han de ser considerats com el preu final a pagar pel client (incloent-hi l&#8217;IVA o no en funci\u00f3 del territori de lliurament, tal com s&#8217;indica als par\u00e0grafs anteriors).<\/p>\n\n\n\n<h2 class=\"wp-block-heading\">Forma de pagament i seguretat<\/h2>\n\n\n\n<p>Qualsevol comanda realitzada ha de ser abonada de forma immediata despr\u00e9s de la confirmaci\u00f3 de la comanda. \u00danicament es cursaran comandes per a les quals s&#8217;hagi completat i verificat el pagament.<br>El pagament s&#8217;ha de fer mitjan\u00e7ant targeta de cr\u00e8dit i d\u00e8bit (emesa per una entitat amb seu social a Espanya).<\/p>\n\n\n\n<p>Els preus aplicables a cada producte seran els publicats al lloc web i aplicats de forma autom\u00e0tica pel proc\u00e9s de contractaci\u00f3 en la darrera fase del mateix. El client assumeix que, en tot cas, la valoraci\u00f3 econ\u00f2mica d&#8217;alguns dels productes podr\u00e0 variar en temps real. En tot cas, aix\u00f2 ser\u00e0 sempre comunicat pr\u00e8viament als usuaris.<\/p>\n\n\n\n<p>L&#8217;usuari podr\u00e0 fer \u00fas, per a l&#8217;abonament dels productes adquirits a trav\u00e9s del web, de les formes de pagament seg\u00fcents:<\/p>\n\n\n\n<p>Targeta de cr\u00e8dit, mitjan\u00e7ant una passarel\u00b7la de pagaments (TPV Virtual): En aquest sup\u00f2sit, les dades de l&#8217;usuari i de la compra seran introdu\u00efdes i transmeses directament per l&#8217;usuari a l&#8217;entitat titular de la passarel\u00b7la. Aquestes dades no seran guardades o manipulades per nosaltres, sin\u00f3 que seran registrades directament a la passarel\u00b7la de pagaments de l&#8217;entitat financera corresponent. Per a m\u00e9s seguretat, utilitzarem un Servei d&#8217;Autenticaci\u00f3 de Comer\u00e7 Electr\u00f2nic Segur, sistema establert per Visa\/Mastercard\/Eurocard, pel qual client s&#8217;autentifica davant del seu banc emissor i el comer\u00e7 s&#8217;autentifica davant del seu banc adquirient. L&#8217;import de la comanda es carregar\u00e0 a la targeta, de manera que ens haur\u00e0 d&#8217;indicar el n\u00famero, la data de caducitat aix\u00ed com el codi de seguretat CVV2 (al revers de la targeta). En cas que la vostra targeta estigui securitzada, se us demanaran els codis de seguretat pertinents. El comprador pot pagar la comanda mitjan\u00e7ant la passarel\u00b7la banc\u00e0ria Sistema REDSYS.<\/p>\n\n\n\n<p>El c\u00e0rrec es dur\u00e0 a terme en temps real mitjan\u00e7ant aquesta passarel\u00b7la de pagament. En cas que el c\u00e0rrec no es pugui dur a terme finalment (per qualsevol causa), la comanda quedar\u00e0 anul\u00b7lada autom\u00e0ticament.<\/p>\n\n\n\n<p>Per a qualsevol informaci\u00f3 sobre la comanda, l&#8217;usuari comptar\u00e0 amb el tel\u00e8fon d&#8217;atenci\u00f3 a clients del prestador que \u00e9s +34 938 918 281 o via correu electr\u00f2nic a l&#8217;adre\u00e7a de correu electr\u00f2nic mgimenez@bardinetwines.com.<\/p>\n\n\n\n<p><strong>Codis de descompte<\/strong><\/p>\n\n\n\n<p>\u00c9s possible que de tant en tant s&#8217;ofereixin codis promocionals que resultin en un descompte en un o m\u00e9s productes, la totalitat d&#8217;una comanda o el servei d&#8217;enviament.<\/p>\n\n\n\n<p>Les condicions d&#8217;\u00fas relacionades amb qualsevol codi de descompte s&#8217;especificaran al moment d&#8217;emissi\u00f3. Tanmateix, aquests termes i condicions s&#8217;apliquen a totes les promocions, concursos i codis de descompte de la nostra empresa (llevat que s&#8217;indiqui el contrari):<\/p>\n\n\n\n<ul class=\"wp-block-list\">\n<li>Nom\u00e9s es pot fer servir un codi promocional per comanda.<\/li>\n\n\n\n<li>Un codi promocional no es pot utilitzar despr\u00e9s que una comanda hagi estat realitzada.<\/li>\n<\/ul>\n\n\n\n<h2 class=\"wp-block-heading\">Entregues: tipus, terminis i problemes<\/h2>\n\n\n\n<p>El lliurament es pot fer a l&#8217;adre\u00e7a que trieu (llevat de l&#8217;apartat de correus). El lliurament a domicili de les comandes el realitzar\u00e0 un operador log\u00edstic (Correos Express) dins de l&#8217;horari laboral habitual. Si no hi ha ning\u00fa en aquesta direcci\u00f3 quan l&#8217;operador log\u00edstic acudeixi, aquest us deixar\u00e0 una nota i el vostre departament d&#8217;atenci\u00f3 al client s&#8217;intentar\u00e0 posar en contacte amb vost\u00e8 per tancar el lliurament. Les despeses d&#8217;enviament dependran del producte en q\u00fcesti\u00f3, partint d&#8217;un preu de 6\u20ac per caixa. Els terminis de lliurament es computen sobre els dies feiners \u2013 de dilluns a divendres \u2013 ja que la companyia de missatgeria no realitza lliuraments en dissabtes, diumenges ni festius.<\/p>\n\n\n\n<p>El termini de lliurament habitual estar\u00e0 aproximadament entre 48 i 72 hores h\u00e0bils despr\u00e9s de l&#8217;aprovaci\u00f3 de la comanda. Aquest termini pot augmentar en per\u00edodes de rebaixes, campanyes de nadal o en cas de gestions duaneres o altres circumst\u00e0ncies derivades de (a t\u00edtol informatiu \u00fanicament) la dist\u00e0ncia geogr\u00e0fica, condicions climatol\u00f2giques, guerres, vagues, qualsevol forma d&#8217;intervenci\u00f3 governamental, incompliments dels nostres prove\u00efdors , etc. aix\u00ed com qualsevol altra imputable a loperador log\u00edstic encarregat del lliurament del producte. No ens fem responsables dels possibles retards que es puguin originar per qualsevol dels motius esmentats anteriorment. Els terminis indicats anteriorment es veuran ampliats per a les Balears.<\/p>\n\n\n\n<p>Si, en el moment del lliurament, l&#8217;embalatge de la comanda est\u00e0 malm\u00e8s, haureu d&#8217;obrir el paquet en pres\u00e8ncia de l&#8217;operador log\u00edstic per verificar l&#8217;estat dels articles. Si s&#8217;observen danys, haureu de detallar-los a l&#8217;albar\u00e0 de lliurament i posar-vos en contacte amb nosaltres en 24 hores. Repararem o substituirem sense cap cost per a vost\u00e8 tots aquells articles que hagin estat danyats o perduts durant el transport, sempre i quan, ens notifiqui aquesta incid\u00e8ncia com m\u00e9s aviat millor.<\/p>\n\n\n\n<p>Un cop lliurada la comanda, passar\u00e0 a formar part de la seva propietat i, per tant, tots els danys que puguin originar-se seran de la seva responsabilitat.<\/p>\n\n\n\n<h2 class=\"wp-block-heading\">Pol\u00edtica de devoluci\u00f3, intercanvi o reemborsament<\/h2>\n\n\n\n<p>Dret de desistiment:<\/p>\n\n\n\n<p>El Client disposar\u00e0 d&#8217;un termini m\u00e0xim de 14 dies naturals des del lliurament del Producte o des de la celebraci\u00f3 del contracte si es tracta d&#8217;un servei, per comunicar el desistiment total o parcial de la compra del Producte o servei, de conformitat amb la legislaci\u00f3 aplicable . La devoluci\u00f3 efectuada en termini no comportar\u00e0 cap penalitzaci\u00f3. Aix\u00f2 no obstant, el Client haur\u00e0 d&#8217;assumir les despeses d&#8217;enviament.<\/p>\n\n\n\n<p>Marqueu els articles a tornar al tiquet de compra que rep al costat de la comanda.<\/p>\n\n\n\n<p>Haur\u00e0 d&#8217;enviar l&#8217;article\/s a l&#8217;embalatge original en qu\u00e8 va ser lliurat per l&#8217;operador log\u00edstic.<\/p>\n\n\n\n<p>Un cop hagi estat recepcionada la devoluci\u00f3 per nosaltres, verificarem que els articles tornats f\u00edsicament es corresponen amb l&#8217;albar\u00e0 de devoluci\u00f3 i, addicionalment, que aquests han estat rebuts en perfectes condicions d&#8217;\u00fas, complets, al seu embalatge original i sense indicis d&#8217;haver estat usats. Si la comprovaci\u00f3 de l&#8217;estat de la comanda \u00e9s satisfact\u00f2ria, procedirem a reemborsar-li els diners que hagi pagat en el seu moment a la mateixa targeta de cr\u00e8dit des de la qual va fer el pagament, en el termini m\u00e0xim d&#8217;un mes. En cas contrari, ens posarem en contacte amb vost\u00e8 per tornar-li a enviar l&#8217;article (els costos de transport associats a aquest nou enviament correran pel seu compte).<\/p>\n\n\n\n<p>Per complir el termini de desistiment, n&#8217;hi ha prou que la comunicaci\u00f3 relativa a l&#8217;exercici per part seva del dret de desistiment sigui enviada abans que venci el termini de desistiment. Podeu utilitzar el seg\u00fcent formulari de devoluci\u00f3 per copiar al vostre correu electr\u00f2nic o imprimir: clica aqu\u00ed<\/p>\n\n\n\n<p>Excepcions al dret de desistiment:<\/p>\n\n\n\n<p>Tingueu en compte que en el cas de compra de vins i caves o un altre producte alimentari, i per raons de protecci\u00f3 de la Salut i d&#8217;Higiene, vost\u00e8 perdr\u00e0 el dret de desistiment si obre l&#8217;ampolla, o qualsevol altre recipient en qu\u00e8 es vengui la mateixa. Aix\u00f2 implica que si obriu els envasos, no podreu tornar el vostre producte.<\/p>\n\n\n\n<h2 class=\"wp-block-heading\">Garantia dels productes<\/h2>\n\n\n\n<p>El termini de garantia \u00e9s de dos anys, si b\u00e9 no s&#8217;hi inclouen defici\u00e8ncies ocasionades per neglig\u00e8ncies, cops, \u00fas incorrecte o manipulacions indegudes, etc., ni materials que estiguin desgastats per l&#8217;\u00fas. En cas de resultar un defecte provocat pel mal \u00fas, la reparaci\u00f3 ser\u00e0 facturable amb pressupost previ.<\/p>\n\n\n\n<p>En aquelles incid\u00e8ncies que justifiquin l&#8217;\u00fas de la garantia, s&#8217;optar\u00e0 per la reparaci\u00f3, la substituci\u00f3 de l&#8217;article, la rebaixa o la devoluci\u00f3, en els termes legalment establerts. Bardinet Wines, S.A.U. realitzar\u00e0 canvis o devolucions sempre que:<\/p>\n\n\n\n<p>Es faci comunicaci\u00f3 pr\u00e8via al nostre Servei d&#8217;Atenci\u00f3 al Client en el termini de dos mesos: Aquest pas \u00e9s indispensable sigui quin sigui el motiu que provoca la devoluci\u00f3. Podr\u00e0 fer-ho enviant-nos un correu electr\u00f2nic a mgimenez@bardinetwines.com adjuntant c\u00f2pia del tiquet o factura i n\u00famero de comanda a l&#8217;Assumpte de l&#8217;email. Nosaltres us indicarem com podeu actuar per a la devoluci\u00f3 de l&#8217;article.<\/p>\n\n\n\n<p>L&#8217;article a retornar haur\u00e0 d&#8217;estar embalat correctament per a la seva devoluci\u00f3. L&#8217;embalatge s&#8217;ha de trobar en perfecte estat i conservar tots els accessoris i instruccions d&#8217;origen per poder ser tornats.<\/p>\n\n\n\n<p>L&#8217;incompliment del termini de dos mesos no suposar\u00e0 la p\u00e8rdua del dret de sanejament que correspongui, i el client ser\u00e0 responsable, no obstant, dels danys o perjudicis efectivament ocasionats pel retard de la comunicaci\u00f3.<\/p>\n\n\n\n<p>Garantia comercial: els fabricants poden oferir garanties addicionals, l&#8217;extensi\u00f3 i la durada de les quals difereixen segons els productes i les marques. Aquestes garanties s\u00f3n exclusivament de c\u00e0rrec del fabricant que s&#8217;hi obliga.<\/p>\n\n\n\n<p>En virtut del Reial Decret Legislatiu, el venedor est\u00e0 obligat a lliurar al consumidor un b\u00e9 que sigui conforme amb el contracte de compravenda en els termes que aquest estableix (article 114), en virtut del qual:<\/p>\n\n\n\n<p>&#8220;El venedor est\u00e0 obligat a lliurar al consumidor i usuari productes que siguin conformes amb el contracte, responent davant seu de qualsevol falta de conformitat que existeixi en el moment del lliurament del producte&#8221;.<\/p>\n\n\n\n<p>El c\u00f2mput de la garantia comen\u00e7ar\u00e0 el mateix dia de la compra, en virtut de l&#8217;article 123 abans esmentat del Reial decret legislatiu.<\/p>\n\n\n\n<h2 class=\"wp-block-heading\">Resoluci\u00f3 de litigis<\/h2>\n\n\n\n<p>Resoluci\u00f3 de litigis en l\u00ednia en mat\u00e8ria de consum d&#8217;acord amb l&#8217;Art. 14.1 del Reglament (UE) 524\/2013: La Comissi\u00f3 Europea facilita una plataforma de resoluci\u00f3 de litigis en l\u00ednia que es troba disponible al seg\u00fcent enlla\u00e7: http:\/\/ec. europa.eu\/consumers\/odr\/<\/p>\n\n\n\n<ol class=\"wp-block-list\">\n<li>NUL\u00b7LITAT PARCIAL<\/li>\n<\/ol>\n\n\n\n<p>Si qualsevol part d&#8217;aquestes condicions de serveis fos contr\u00e0ria a dret i, per tant, inv\u00e0lida, aix\u00f2 no afectar\u00e0 les altres disposicions conformes a dret. Les parts es comprometen a renegociar aquells punts de les condicions de servei que resultin nuls i a incorporar-los a la resta de condicions de servei.<\/p>\n\n\n\n<ol class=\"wp-block-list\" start=\"2\">\n<li>MODIFICACI\u00d3 DE LES CONDICIONS GENERALS DE VENDA<\/li>\n<\/ol>\n\n\n\n<p>Bardinet Wines, S.A.U. es reserva el dret a modificar les condicions generals de venda sense previ av\u00eds, podent canviar, suprimir o afegir tant els continguts i serveis que prestin a trav\u00e9s del mateix com la forma en qu\u00e8 aquests semblin presentats o localitzats en els seus. servidors.<\/p>\n\n\n\n<p>Aquests canvis hauran de ser acceptats per l&#8217;usuari cada cop que faci efectiva una compra a trav\u00e9s de la web.<\/p>\n\n\n\n<p>Els clients que no estiguin conformes amb les modificacions de les condicions generals, ho han de notificar i, a partir de la data en qu\u00e8 la nova versi\u00f3 entr\u00e9s en vigor, hauran de deixar d&#8217;utilitzar els serveis de la web.<\/p>\n\n\n\n<p>En cas que alguns dels termes de les condicions generals de venda siguin declarats il\u00b7legals o no oponibles per una decisi\u00f3 judicial, les altres disposicions mantindran la seva vig\u00e8ncia.<\/p>\n\n\n\n<ol class=\"wp-block-list\" start=\"3\">\n<li>LLEI APLICABLE I JURISDICCI\u00d3<\/li>\n<\/ol>\n\n\n\n<p>Aquest lloc est\u00e0 ubicat i \u00e9s operador d&#8217;Espanya. Totes les q\u00fcestions relatives a aquest lloc es regeixen per les lleis espanyoles i se sotmeten a la jurisdicci\u00f3 dels Jutjats i Tribunals competents d&#8217;Espanya, sense que siguin aplicables els principis sobre conflictes de lleis.<\/p>\n\n\n\n<p>En aquells casos en qu\u00e8 el client no tingui la condici\u00f3 de consumidor o usuari, o que tingui domicili fora d&#8217;Espanya, se sotmetr\u00e0 als jutjats i tribunals nacionals, amb ren\u00fancia expressa a qualsevol altre fur que els pugui correspondre.<\/p>\n\n\n\n<p>Si l&#8217;usuari decideix utilitzar o consultar aquest lloc fora d&#8217;Espanya, haur\u00e0 de tenir present que ho fa per iniciativa pr\u00f2pia, i que \u00e9s responsable del compliment de les lleis pertinents.<\/p>\n\n\n\n<p>Aquest contracte entrar\u00e0 en vigor i tindr\u00e0 efectes plens des del moment en qu\u00e8 es produeixi l&#8217;acceptaci\u00f3 del client o usuari.<\/p>\n\n\n\n<p>Aquest contracte, i, per tant, les condicions generals que incorpora, juntament amb els annexos (d&#8217;existir), a m\u00e9s de ser llegits en aquesta web, poden emmagatzemar-se, arxivar-se i reproduir-se pels mitjans electr\u00f2nics o inform\u00e0tics habituals.<\/p>\n","protected":false},"excerpt":{"rendered":"<p>Us convidam a revisar les condicions generals de compra que regulen l&#8217;oferta i la compra de productes Bardinet Wines, S.A.U. a trav\u00e9s de la botiga online inclosa en aquest lloc web. En utilitzar aquest lloc web vost\u00e8 queda vinculat a aquestes condicions per la qual cosa us recomanem que us les llegiu detingudament. Si no &#8230; <a title=\"Condicions de compra\" class=\"read-more\" href=\"https:\/\/shop.lacrimabaccus.com\/ca\/condicions-de-compra\/\" aria-label=\"M\u00e9s informaci\u00f3 sobre Condicions de compra\">Read more<\/a><\/p>\n","protected":false},"author":14,"featured_media":0,"parent":0,"menu_order":0,"comment_status":"closed","ping_status":"closed","template":"","meta":{"_acf_changed":false,"footnotes":""},"class_list":["post-543","page","type-page","status-publish"],"acf":[],"_links":{"self":[{"href":"https:\/\/shop.lacrimabaccus.com\/ca\/wp-json\/wp\/v2\/pages\/543","targetHints":{"allow":["GET"]}}],"collection":[{"href":"https:\/\/shop.lacrimabaccus.com\/ca\/wp-json\/wp\/v2\/pages"}],"about":[{"href":"https:\/\/shop.lacrimabaccus.com\/ca\/wp-json\/wp\/v2\/types\/page"}],"author":[{"embeddable":true,"href":"https:\/\/shop.lacrimabaccus.com\/ca\/wp-json\/wp\/v2\/users\/14"}],"replies":[{"embeddable":true,"href":"https:\/\/shop.lacrimabaccus.com\/ca\/wp-json\/wp\/v2\/comments?post=543"}],"version-history":[{"count":4,"href":"https:\/\/shop.lacrimabaccus.com\/ca\/wp-json\/wp\/v2\/pages\/543\/revisions"}],"predecessor-version":[{"id":551,"href":"https:\/\/shop.lacrimabaccus.com\/ca\/wp-json\/wp\/v2\/pages\/543\/revisions\/551"}],"wp:attachment":[{"href":"https:\/\/shop.lacrimabaccus.com\/ca\/wp-json\/wp\/v2\/media?parent=543"}],"curies":[{"name":"wp","href":"https:\/\/api.w.org\/{rel}","templated":true}]}}