{"id":233,"date":"2020-07-12T12:38:58","date_gmt":"2020-11-10T21:57:12","guid":{"rendered":"https:\/\/shop.lacrimabaccus.com\/?post_type=product&#038;p=233"},"modified":"2020-11-11T08:19:30","modified_gmt":"2020-11-11T08:19:30","slug":"summum-reserva-brut-nature","status":"publish","type":"product","link":"https:\/\/shop.lacrimabaccus.com\/ca\/producto\/summum-reserva-brut-nature\/","title":{"rendered":"Summum Reserva Brut Nature"},"content":{"rendered":"","protected":false},"excerpt":{"rendered":"<p>Summum, l&#8217;etimologia del qual \u00e9s d&#8217;origen llat\u00ed, significa el grau m\u00e0xim, el punt culminant al que pot arribar un proc\u00e9s.<\/p>\n","protected":false},"featured_media":494,"comment_status":"open","ping_status":"closed","template":"","meta":{"_acf_changed":false},"product_brand":[],"product_cat":[108],"product_tag":[],"class_list":{"0":"post-233","1":"product","2":"type-product","3":"status-publish","4":"has-post-thumbnail","6":"product_cat-caves","7":"sales-flash-overlay","8":"woocommerce-text-align-center","9":"woocommerce-image-align-center","10":"do-quantity-buttons","12":"first","13":"outofstock","14":"shipping-taxable","15":"purchasable","16":"product-type-simple"},"acf":[],"_links":{"self":[{"href":"https:\/\/shop.lacrimabaccus.com\/ca\/wp-json\/wp\/v2\/product\/233","targetHints":{"allow":["GET"]}}],"collection":[{"href":"https:\/\/shop.lacrimabaccus.com\/ca\/wp-json\/wp\/v2\/product"}],"about":[{"href":"https:\/\/shop.lacrimabaccus.com\/ca\/wp-json\/wp\/v2\/types\/product"}],"replies":[{"embeddable":true,"href":"https:\/\/shop.lacrimabaccus.com\/ca\/wp-json\/wp\/v2\/comments?post=233"}],"wp:featuredmedia":[{"embeddable":true,"href":"https:\/\/shop.lacrimabaccus.com\/ca\/wp-json\/wp\/v2\/media\/494"}],"wp:attachment":[{"href":"https:\/\/shop.lacrimabaccus.com\/ca\/wp-json\/wp\/v2\/media?parent=233"}],"wp:term":[{"taxonomy":"product_brand","embeddable":true,"href":"https:\/\/shop.lacrimabaccus.com\/ca\/wp-json\/wp\/v2\/product_brand?post=233"},{"taxonomy":"product_cat","embeddable":true,"href":"https:\/\/shop.lacrimabaccus.com\/ca\/wp-json\/wp\/v2\/product_cat?post=233"},{"taxonomy":"product_tag","embeddable":true,"href":"https:\/\/shop.lacrimabaccus.com\/ca\/wp-json\/wp\/v2\/product_tag?post=233"}],"curies":[{"name":"wp","href":"https:\/\/api.w.org\/{rel}","templated":true}]}}