{"id":239,"date":"2020-07-13T09:55:54","date_gmt":"2020-11-10T22:04:32","guid":{"rendered":"https:\/\/shop.lacrimabaccus.com\/?post_type=product&#038;p=239"},"modified":"2022-06-23T04:46:28","modified_gmt":"2022-06-23T04:46:28","slug":"reserva-brut-rose","status":"publish","type":"product","link":"https:\/\/shop.lacrimabaccus.com\/ca\/producto\/reserva-brut-rose\/","title":{"rendered":"Reserva Brut Ros\u00e9"},"content":{"rendered":"","protected":false},"excerpt":{"rendered":"<p>En veure una ampolla del nostre Lacrima Baccus no podem deixar de pensar en l&#8217;any en qu\u00e8 es va collir el ra\u00efm, en les persones que van dedicar el seu temps a la realitzaci\u00f3 de la nostra gamma quan brillava un sol enlluernador o quan plovia tan fort que era causa de desmotivaci\u00f3 i preocupaci\u00f3 entre els viticultors.<\/p>\n","protected":false},"featured_media":240,"comment_status":"open","ping_status":"closed","template":"","meta":{"_acf_changed":false},"product_brand":[],"product_cat":[108],"product_tag":[],"class_list":{"0":"post-239","1":"product","2":"type-product","3":"status-publish","4":"has-post-thumbnail","6":"product_cat-caves","7":"sales-flash-overlay","8":"woocommerce-text-align-center","9":"woocommerce-image-align-center","10":"do-quantity-buttons","12":"first","13":"outofstock","14":"shipping-taxable","15":"purchasable","16":"product-type-simple"},"acf":[],"_links":{"self":[{"href":"https:\/\/shop.lacrimabaccus.com\/ca\/wp-json\/wp\/v2\/product\/239","targetHints":{"allow":["GET"]}}],"collection":[{"href":"https:\/\/shop.lacrimabaccus.com\/ca\/wp-json\/wp\/v2\/product"}],"about":[{"href":"https:\/\/shop.lacrimabaccus.com\/ca\/wp-json\/wp\/v2\/types\/product"}],"replies":[{"embeddable":true,"href":"https:\/\/shop.lacrimabaccus.com\/ca\/wp-json\/wp\/v2\/comments?post=239"}],"wp:featuredmedia":[{"embeddable":true,"href":"https:\/\/shop.lacrimabaccus.com\/ca\/wp-json\/wp\/v2\/media\/240"}],"wp:attachment":[{"href":"https:\/\/shop.lacrimabaccus.com\/ca\/wp-json\/wp\/v2\/media?parent=239"}],"wp:term":[{"taxonomy":"product_brand","embeddable":true,"href":"https:\/\/shop.lacrimabaccus.com\/ca\/wp-json\/wp\/v2\/product_brand?post=239"},{"taxonomy":"product_cat","embeddable":true,"href":"https:\/\/shop.lacrimabaccus.com\/ca\/wp-json\/wp\/v2\/product_cat?post=239"},{"taxonomy":"product_tag","embeddable":true,"href":"https:\/\/shop.lacrimabaccus.com\/ca\/wp-json\/wp\/v2\/product_tag?post=239"}],"curies":[{"name":"wp","href":"https:\/\/api.w.org\/{rel}","templated":true}]}}